{"id":18,"date":"2018-09-18T23:08:13","date_gmt":"2018-09-18T21:08:13","guid":{"rendered":"http:\/\/bsv.virtualimpressions.de\/?page_id=18"},"modified":"2018-09-24T20:59:35","modified_gmt":"2018-09-24T18:59:35","slug":"hallen","status":"publish","type":"page","link":"https:\/\/bsv.virtualimpressions.de\/index.php\/hallen\/","title":{"rendered":"Hallen"},"content":{"rendered":"<table class=\"auto-style1\" cellspacing=\"0\" cellpadding=\"0\">\n<tbody>\n<tr bgcolor=\"#660000\">\n<td style=\"width: 102px;\" align=\"middle\" height=\"19\">\n<div align=\"left\"><span style=\"color: #ffffff;\"><strong>Halle<\/strong><\/span><\/div>\n<\/td>\n<td style=\"width: 139px;\" align=\"middle\" height=\"19\">\n<div align=\"left\"><span style=\"color: #ffffff;\"><strong>Stra\u00dfe<\/strong><\/span><\/div>\n<\/td>\n<td style=\"width: 189px;\" align=\"middle\" height=\"19\">\n<div align=\"left\"><span style=\"color: #ffffff;\"><strong>Hallenwart<\/strong><\/span><\/div>\n<\/td>\n<td style=\"width: 270px;\" align=\"middle\" height=\"19\">\n<div align=\"left\"><span style=\"color: #ffffff;\"><strong>Telefon<\/strong><\/span><\/div>\n<\/td>\n<td style=\"width: 210px;\" align=\"middle\" height=\"19\">\n<div align=\"left\"><span style=\"color: #ffffff;\"><strong>Fahrverbindung<\/strong><\/span><\/div>\n<\/td>\n<\/tr>\n<tr>\n<td style=\"text-align: left; width: 102px;\" align=\"middle\">\n<div align=\"left\"><span class=\"auto-style2\" style=\"font-size: 10pt; color: #808080;\"><strong>Corveystra\u00dfe<\/strong><\/span><\/div>\n<\/td>\n<td style=\"text-align: left; width: 139px;\" align=\"middle\">\n<div align=\"left\"><\/div>\n<\/td>\n<td style=\"text-align: left; width: 189px;\" align=\"middle\"><span style=\"font-size: 10pt; color: #808080;\">Herr Nieburg<\/span><\/td>\n<td style=\"text-align: left; width: 270px;\" align=\"middle\"><span style=\"font-size: 10pt; color: #808080;\">0151 50832011<\/span><\/td>\n<td style=\"text-align: left; width: 210px;\" align=\"middle\"><\/td>\n<\/tr>\n<tr>\n<td style=\"text-align: left; width: 102px;\" align=\"middle\" height=\"19\"><\/td>\n<td style=\"text-align: left; width: 139px;\" align=\"middle\" height=\"19\">\n<div align=\"left\"><\/div>\n<\/td>\n<td style=\"text-align: left; width: 189px;\" align=\"middle\" height=\"19\">\n<div align=\"left\"><\/div>\n<\/td>\n<td style=\"text-align: left; width: 270px;\" align=\"middle\" height=\"19\">\n<div align=\"left\"><\/div>\n<\/td>\n<td style=\"text-align: left; width: 210px;\" align=\"middle\" height=\"19\">\n<div align=\"left\"><\/div>\n<\/td>\n<\/tr>\n<tr>\n<td style=\"text-align: left; width: 102px;\" align=\"middle\" height=\"38\">\n<div align=\"left\"><span style=\"font-size: 10pt; color: #808080;\"><strong>Thedestra\u00dfe<\/strong><\/span><\/div>\n<\/td>\n<td style=\"text-align: left; width: 139px;\" align=\"middle\" height=\"38\">\n<div align=\"left\"><\/div>\n<\/td>\n<td style=\"text-align: left; width: 189px;\" align=\"middle\" height=\"38\">\n<div align=\"left\"><\/div>\n<\/td>\n<td style=\"text-align: left; width: 270px;\" align=\"middle\" height=\"38\">\n<div align=\"left\"><\/div>\n<\/td>\n<td style=\"text-align: left; width: 210px;\" align=\"middle\" height=\"38\">\n<div align=\"left\"><\/div>\n<\/td>\n<\/tr>\n<tr>\n<td style=\"text-align: left; width: 102px;\" align=\"middle\" height=\"19\"><\/td>\n<td style=\"text-align: left; width: 139px;\" align=\"middle\" height=\"19\"><\/td>\n<td style=\"text-align: left; width: 189px;\" align=\"middle\" height=\"19\"><\/td>\n<td style=\"text-align: left; width: 270px;\" align=\"middle\" height=\"19\"><\/td>\n<td style=\"text-align: left; width: 210px;\" align=\"middle\" height=\"19\"><\/td>\n<\/tr>\n<tr>\n<td style=\"text-align: left; width: 102px;\" align=\"middle\" height=\"38\">\n<div align=\"left\"><span style=\"font-size: 10pt; color: #808080;\"><strong>Sachsenweg<\/strong><\/span><\/div>\n<\/td>\n<td style=\"text-align: left; width: 139px;\" align=\"middle\" height=\"38\">\n<div align=\"left\"><span style=\"font-size: 10pt; color: #808080;\">Sachsenweg 76<\/span><\/div>\n<\/td>\n<td style=\"text-align: left; width: 189px;\" align=\"middle\" height=\"38\">\n<div align=\"left\"><span style=\"font-size: 10pt; color: #808080;\">Herr Idler<\/span><\/div>\n<\/td>\n<td style=\"text-align: left; width: 270px;\" align=\"middle\" height=\"38\">\n<div align=\"left\"><span style=\"font-size: 10pt; color: #808080;\">55589 112<\/span><br \/>\n<span style=\"font-size: 10pt; color: #808080;\">armin.idler@sbh.fb.hamburg.de<\/span><\/div>\n<\/td>\n<td style=\"text-align: left; width: 210px;\" align=\"middle\" height=\"38\">\n<div align=\"left\"><span style=\"font-size: 10pt; color: #808080;\">M-Bus24 bis Keltenweg<\/span><\/div>\n<\/td>\n<\/tr>\n<tr>\n<td style=\"text-align: left; width: 102px;\" align=\"middle\" height=\"19\"><\/td>\n<td style=\"text-align: left; width: 139px;\" align=\"middle\" height=\"19\"><\/td>\n<td style=\"text-align: left; width: 189px;\" align=\"middle\" height=\"19\"><\/td>\n<td style=\"text-align: left; width: 270px;\" align=\"middle\" height=\"19\"><\/td>\n<td style=\"text-align: left; width: 210px;\" align=\"middle\" height=\"19\"><\/td>\n<\/tr>\n<tr>\n<td style=\"text-align: left; width: 102px;\" align=\"middle\" height=\"38\">\n<div align=\"left\"><span style=\"font-size: 10pt; color: #808080;\"><strong>Steilshoop<\/strong><\/span><\/div>\n<\/td>\n<td style=\"text-align: left; width: 139px;\" align=\"middle\" height=\"38\">\n<div align=\"left\"><span style=\"font-size: 10pt; color: #808080;\">Gropiusring 43<\/span><\/div>\n<\/td>\n<td style=\"text-align: left; width: 189px;\" align=\"middle\" height=\"38\">\n<div align=\"left\"><span style=\"font-size: 10pt; color: #808080;\">Herr Ehrenfried<\/span><\/div>\n<\/td>\n<td style=\"text-align: left; width: 270px;\" align=\"middle\" height=\"38\">\n<div align=\"left\"><span style=\"font-size: 10pt; color: #808080;\">428963935<\/span><\/div>\n<\/td>\n<td style=\"text-align: left; width: 210px;\" align=\"middle\" height=\"38\">\n<div align=\"left\"><span style=\"font-size: 10pt; color: #808080;\">M-Bus 7 bis C\u00e4sar-Klein-Ring<\/span><\/div>\n<\/td>\n<\/tr>\n<tr>\n<td style=\"text-align: left; width: 102px;\" align=\"middle\" height=\"19\"><\/td>\n<td style=\"text-align: left; width: 139px;\" align=\"middle\" height=\"19\"><\/td>\n<td style=\"text-align: left; width: 189px;\" align=\"middle\" height=\"19\"><\/td>\n<td style=\"text-align: left; width: 270px;\" align=\"middle\" height=\"19\"><\/td>\n<td style=\"text-align: left; width: 210px;\" align=\"middle\" height=\"19\"><\/td>\n<\/tr>\n<tr>\n<td style=\"text-align: left; width: 102px;\" align=\"middle\" height=\"57\">\n<div align=\"left\"><span style=\"font-size: 10pt; color: #808080;\"><strong>Wegenkamp<\/strong><\/span><\/div>\n<\/td>\n<td style=\"text-align: left; width: 139px;\" align=\"middle\" height=\"57\">\n<div align=\"left\"><span style=\"font-size: 10pt; color: #808080;\">Wegenkamp 7<\/span><\/div>\n<\/td>\n<td style=\"text-align: left; width: 189px;\" align=\"middle\" height=\"57\">\n<div align=\"left\"><span style=\"font-size: 10pt; color: #808080;\">Herr K\u00fcmpel<\/span><\/div>\n<\/td>\n<td style=\"text-align: left; width: 270px;\" align=\"middle\" height=\"57\">\n<div align=\"left\"><span style=\"font-size: 10pt; color: #808080;\">0179 \/ 9706952<\/span><\/div>\n<\/td>\n<td style=\"text-align: left; width: 210px;\" align=\"middle\" height=\"57\">\n<div align=\"left\"><span style=\"font-size: 10pt; color: #808080;\">Bus 281 bis Krankenhaus Alteneiche<\/span><\/div>\n<\/td>\n<\/tr>\n<\/tbody>\n<\/table>\n","protected":false},"excerpt":{"rendered":"<p>Halle Stra\u00dfe Hallenwart Telefon Fahrverbindung Corveystra\u00dfe Herr Nieburg 0151 50832011 Thedestra\u00dfe Sachsenweg Sachsenweg 76 Herr Idler 55589 112 armin.idler@sbh.fb.hamburg.de M-Bus24 bis Keltenweg Steilshoop Gropiusring 43 Herr Ehrenfried 428963935 M-Bus 7 bis C\u00e4sar-Klein-Ring Wegenkamp Wegenkamp 7 Herr K\u00fcmpel 0179 \/ 9706952 Bus 281 bis Krankenhaus Alteneiche<\/p>\n","protected":false},"author":1,"featured_media":0,"parent":0,"menu_order":0,"comment_status":"closed","ping_status":"closed","template":"","meta":[],"_links":{"self":[{"href":"https:\/\/bsv.virtualimpressions.de\/index.php\/wp-json\/wp\/v2\/pages\/18"}],"collection":[{"href":"https:\/\/bsv.virtualimpressions.de\/index.php\/wp-json\/wp\/v2\/pages"}],"about":[{"href":"https:\/\/bsv.virtualimpressions.de\/index.php\/wp-json\/wp\/v2\/types\/page"}],"author":[{"embeddable":true,"href":"https:\/\/bsv.virtualimpressions.de\/index.php\/wp-json\/wp\/v2\/users\/1"}],"replies":[{"embeddable":true,"href":"https:\/\/bsv.virtualimpressions.de\/index.php\/wp-json\/wp\/v2\/comments?post=18"}],"version-history":[{"count":3,"href":"https:\/\/bsv.virtualimpressions.de\/index.php\/wp-json\/wp\/v2\/pages\/18\/revisions"}],"predecessor-version":[{"id":108,"href":"https:\/\/bsv.virtualimpressions.de\/index.php\/wp-json\/wp\/v2\/pages\/18\/revisions\/108"}],"wp:attachment":[{"href":"https:\/\/bsv.virtualimpressions.de\/index.php\/wp-json\/wp\/v2\/media?parent=18"}],"curies":[{"name":"wp","href":"https:\/\/api.w.org\/{rel}","templated":true}]}}